{"id":14,"date":"2011-12-28T18:19:21","date_gmt":"2011-12-28T18:19:21","guid":{"rendered":"http:\/\/lesjardinsduchateauperdu.fr\/?page_id=14"},"modified":"2014-01-02T15:13:01","modified_gmt":"2014-01-02T15:13:01","slug":"qui-sommes-nous","status":"publish","type":"page","link":"https:\/\/lesjardinsduchateauperdu.fr\/?page_id=14","title":{"rendered":"L&#8217;association"},"content":{"rendered":"<p style=\"text-align: justify;\">Nous sommes une association loi 1901, notre naissance a \u00e9t\u00e9 annonc\u00e9e le 11 juillet 2011 par nos membres fondateurs qui \u00e9taient au nombre de 15.<\/p>\n<p style=\"text-align: justify;\">Notre d\u00e9claration officielle en sous pr\u00e9fecture de Langon a \u00e9t\u00e9 annonc\u00e9e le 12 septembre 2011 .<\/p>\n<p><a href=\"https:\/\/lesjardinsduchateauperdu.fr\/wp-content\/uploads\/2011\/12\/031.jpg\"><img loading=\"lazy\" decoding=\"async\" class=\"aligncenter size-thumbnail wp-image-43\" title=\"journ\u00e9e patrimoine\" alt=\"\" src=\"https:\/\/lesjardinsduchateauperdu.fr\/wp-content\/uploads\/2011\/12\/031-150x150.jpg\" width=\"150\" height=\"150\" \/><\/a><\/p>\n<p style=\"text-align: center;\">Depuis nous \u00a0avons \u00e9t\u00e9 pr\u00e9sent\u00e9 \u00e0 nos futurs membres, nous leur avons d\u00e9voil\u00e9 nos intentions \u00a0:<\/p>\n<p style=\"text-align: center;\"><strong>Remettre en valeur le site de l&#8217;ancien ch\u00e2teau de Castelnau de Mesmes<\/strong><\/p>\n<p style=\"text-align: center;\">tout en assumant diff\u00e9rents r\u00f4les :<\/p>\n<p style=\"text-align: justify;\"><strong>un R\u00f4le patrimonial<\/strong> : faire revivre ces \u00a0lieux historiques par la\u00a0cr\u00e9ation\u00a0d&#8217;un site interactif en relation avec les\u00a0Archives\u00a0D\u00e9partementales, par des ateliers de cr\u00e9ation artistique , par des spectacles en collaboration avec d&#8217;autres associations locales.<\/p>\n<p style=\"text-align: justify;\"><strong>un R\u00f4le \u00e9cologique<\/strong> : par la pr\u00e9servation et la mise en valeur des biotopes.<\/p>\n<p style=\"text-align: justify;\"><strong>un R\u00f4le botanique<\/strong> : par la mise en valeur et la pr\u00e9servation de la flore sauvage et horticole de notre r\u00e9gion.<\/p>\n<p style=\"text-align: justify;\"><strong>un R\u00f4le social et \u00e9ducatif<\/strong> : participer \u00e0 la\u00a0r\u00e9insertion\u00a0de personnes en difficult\u00e9s psychologiques et ou physiques en les accueillant pour d\u00e9velopper des activit\u00e9s li\u00e9es au \u00a0jardinage et \u00e0 la v\u00e9g\u00e9talisation du site.<br \/>\nFaire participer les \u00e9coles a travers des projets p\u00e9dagogiques ou artistiques comme le Land Art.<br \/>\nProposer des partenariats avec des \u00e9tudiants ou des CAT<\/p>\n<p style=\"text-align: justify;\"><strong>un R\u00f4le de diffusion<\/strong> des ressources issues des jardins futurs.<\/p>\n<p>&nbsp;<\/p>\n","protected":false},"excerpt":{"rendered":"<p>Nous sommes une association loi 1901, notre naissance a \u00e9t\u00e9 annonc\u00e9e le 11 juillet 2011 par nos membres fondateurs qui \u00e9taient au nombre de 15. Notre d\u00e9claration officielle en sous pr\u00e9fecture de Langon a \u00e9t\u00e9 annonc\u00e9e le 12 septembre 2011 . Depuis nous \u00a0avons \u00e9t\u00e9 pr\u00e9sent\u00e9 \u00e0 nos futurs membres, nous leur avons d\u00e9voil\u00e9 nos [&hellip;]<\/p>\n","protected":false},"author":1,"featured_media":0,"parent":0,"menu_order":0,"comment_status":"open","ping_status":"open","template":"","meta":{"footnotes":""},"class_list":["post-14","page","type-page","status-publish","hentry"],"_links":{"self":[{"href":"https:\/\/lesjardinsduchateauperdu.fr\/index.php?rest_route=\/wp\/v2\/pages\/14","targetHints":{"allow":["GET"]}}],"collection":[{"href":"https:\/\/lesjardinsduchateauperdu.fr\/index.php?rest_route=\/wp\/v2\/pages"}],"about":[{"href":"https:\/\/lesjardinsduchateauperdu.fr\/index.php?rest_route=\/wp\/v2\/types\/page"}],"author":[{"embeddable":true,"href":"https:\/\/lesjardinsduchateauperdu.fr\/index.php?rest_route=\/wp\/v2\/users\/1"}],"replies":[{"embeddable":true,"href":"https:\/\/lesjardinsduchateauperdu.fr\/index.php?rest_route=%2Fwp%2Fv2%2Fcomments&post=14"}],"version-history":[{"count":14,"href":"https:\/\/lesjardinsduchateauperdu.fr\/index.php?rest_route=\/wp\/v2\/pages\/14\/revisions"}],"predecessor-version":[{"id":388,"href":"https:\/\/lesjardinsduchateauperdu.fr\/index.php?rest_route=\/wp\/v2\/pages\/14\/revisions\/388"}],"wp:attachment":[{"href":"https:\/\/lesjardinsduchateauperdu.fr\/index.php?rest_route=%2Fwp%2Fv2%2Fmedia&parent=14"}],"curies":[{"name":"wp","href":"https:\/\/api.w.org\/{rel}","templated":true}]}}