{"id":45,"date":"2011-12-29T16:54:57","date_gmt":"2011-12-29T16:54:57","guid":{"rendered":"http:\/\/lesjardinsduchateauperdu.fr\/?page_id=45"},"modified":"2023-07-07T13:06:04","modified_gmt":"2023-07-07T13:06:04","slug":"contact","status":"publish","type":"page","link":"https:\/\/lesjardinsduchateauperdu.fr\/?page_id=45","title":{"rendered":"Contact"},"content":{"rendered":"<p style=\"text-align: center;\">Les membres du bureau :<\/p>\n<p style=\"text-align: center;\">Pr\u00e9sidente : Dominique<strong> ZIMMER<\/strong><\/p>\n<p style=\"text-align: center;\">Vice-Pr\u00e9sident : Jean-Marie<strong> ZORILLA<\/strong><\/p>\n<p style=\"text-align: center;\">Tr\u00e9sori\u00e8re : Annie<strong> GILIBERT<\/strong><\/p>\n<p style=\"text-align: center;\">Tr\u00e9sorier Adjoint : C\u00e9cile<strong> Zorilla<\/strong><\/p>\n<p style=\"text-align: center;\">Secr\u00e9taire : Christine <strong>LARQUEY<\/strong><\/p>\n<p style=\"text-align: center;\">Secr\u00e9taire\u00a0adjointe \u00a0: Joelle <strong>BONDIVENNE<\/strong><\/p>\n<p style=\"text-align: center;\">si\u00e8ge social :<\/p>\n<p style=\"text-align: center;\"><strong>Castelnau <\/strong><\/p>\n<p style=\"text-align: center;\"><strong>33840 ST MICHEL DE CASTELNAU<\/strong><\/p>\n<p style=\"text-align: center;\">tel : 06.07.82.65.36<\/p>\n<p style=\"text-align: center;\">mail : castelnaudemesmes@gmail.com<\/p>\n<p style=\"text-align: center;\">\n","protected":false},"excerpt":{"rendered":"<p>Les membres du bureau : Pr\u00e9sidente : Dominique ZIMMER Vice-Pr\u00e9sident : Jean-Marie ZORILLA Tr\u00e9sori\u00e8re : Annie GILIBERT Tr\u00e9sorier Adjoint : C\u00e9cile Zorilla Secr\u00e9taire : Christine LARQUEY Secr\u00e9taire\u00a0adjointe \u00a0: Joelle BONDIVENNE si\u00e8ge social : Castelnau 33840 ST MICHEL DE CASTELNAU tel : 06.07.82.65.36 mail : castelnaudemesmes@gmail.com<\/p>\n","protected":false},"author":1,"featured_media":0,"parent":0,"menu_order":0,"comment_status":"closed","ping_status":"open","template":"","meta":{"footnotes":""},"class_list":["post-45","page","type-page","status-publish","hentry"],"_links":{"self":[{"href":"https:\/\/lesjardinsduchateauperdu.fr\/index.php?rest_route=\/wp\/v2\/pages\/45","targetHints":{"allow":["GET"]}}],"collection":[{"href":"https:\/\/lesjardinsduchateauperdu.fr\/index.php?rest_route=\/wp\/v2\/pages"}],"about":[{"href":"https:\/\/lesjardinsduchateauperdu.fr\/index.php?rest_route=\/wp\/v2\/types\/page"}],"author":[{"embeddable":true,"href":"https:\/\/lesjardinsduchateauperdu.fr\/index.php?rest_route=\/wp\/v2\/users\/1"}],"replies":[{"embeddable":true,"href":"https:\/\/lesjardinsduchateauperdu.fr\/index.php?rest_route=%2Fwp%2Fv2%2Fcomments&post=45"}],"version-history":[{"count":10,"href":"https:\/\/lesjardinsduchateauperdu.fr\/index.php?rest_route=\/wp\/v2\/pages\/45\/revisions"}],"predecessor-version":[{"id":1607,"href":"https:\/\/lesjardinsduchateauperdu.fr\/index.php?rest_route=\/wp\/v2\/pages\/45\/revisions\/1607"}],"wp:attachment":[{"href":"https:\/\/lesjardinsduchateauperdu.fr\/index.php?rest_route=%2Fwp%2Fv2%2Fmedia&parent=45"}],"curies":[{"name":"wp","href":"https:\/\/api.w.org\/{rel}","templated":true}]}}